{"id":2341,"date":"2021-06-10T14:14:28","date_gmt":"2021-06-10T14:14:28","guid":{"rendered":"https:\/\/promo-theme.com\/novo\/?page_id=2341"},"modified":"2024-12-15T17:43:12","modified_gmt":"2024-12-15T16:43:12","slug":"about-me-elementor","status":"publish","type":"page","link":"https:\/\/denisziegler.com\/?page_id=2341","title":{"rendered":"Denis PHOTOGRAPHE"},"content":{"rendered":"\t\t<div data-elementor-type=\"wp-page\" data-elementor-id=\"2341\" class=\"elementor elementor-2341\">\n\t\t\t\t\t\t<section class=\"elementor-section elementor-top-section elementor-element elementor-element-2edb5abe elementor-section-boxed elementor-section-height-default elementor-section-height-default\" data-id=\"2edb5abe\" data-element_type=\"section\" data-e-type=\"section\">\n\t\t\t\t\t\t<div class=\"elementor-container elementor-column-gap-default\">\n\t\t\t\t\t<div class=\"elementor-column elementor-col-50 elementor-top-column elementor-element elementor-element-4ffb4c94\" data-id=\"4ffb4c94\" data-element_type=\"column\" data-e-type=\"column\" data-settings=\"{&quot;background_background&quot;:&quot;classic&quot;}\">\n\t\t\t<div class=\"elementor-widget-wrap elementor-element-populated\">\n\t\t\t\t\t\t<div class=\"elementor-element elementor-element-5693df82 elementor-widget elementor-widget-spacer\" data-id=\"5693df82\" data-element_type=\"widget\" data-e-type=\"widget\" data-widget_type=\"spacer.default\">\n\t\t\t\t<div class=\"elementor-widget-container\">\n\t\t\t\t\t\t\t<div class=\"elementor-spacer\">\n\t\t\t<div class=\"elementor-spacer-inner\"><\/div>\n\t\t<\/div>\n\t\t\t\t\t\t<\/div>\n\t\t\t\t<\/div>\n\t\t\t\t\t<\/div>\n\t\t<\/div>\n\t\t\t\t<div class=\"elementor-column elementor-col-50 elementor-top-column elementor-element elementor-element-1dff58cc\" data-id=\"1dff58cc\" data-element_type=\"column\" data-e-type=\"column\" data-settings=\"{&quot;background_background&quot;:&quot;classic&quot;}\">\n\t\t\t<div class=\"elementor-widget-wrap elementor-element-populated\">\n\t\t\t\t\t\t<div class=\"elementor-element elementor-element-737ed5b5 elementor-widget__width-initial elementor-widget elementor-widget-yprm_heading\" data-id=\"737ed5b5\" data-element_type=\"widget\" data-e-type=\"widget\" data-widget_type=\"yprm_heading.default\">\n\t\t\t\t<div class=\"elementor-widget-container\">\n\t\t\t\t\t\t\t\t<div class=\"heading-block with-line tal\">\n\t\t\t\t                  <h3 class=\"h\">Denis ZIEGLER<br \/>\n<span>Photographe<\/span><\/h3>\n        \t\t\t<\/div>\n      \t\t\t\t\t\t<\/div>\n\t\t\t\t<\/div>\n\t\t\t\t<div class=\"elementor-element elementor-element-7542b32b elementor-widget__width-initial elementor-widget-mobile__width-inherit elementor-widget elementor-widget-text-editor\" data-id=\"7542b32b\" data-element_type=\"widget\" data-e-type=\"widget\" data-widget_type=\"text-editor.default\">\n\t\t\t\t<div class=\"elementor-widget-container\">\n\t\t\t\t\t\t\t\t\t<p style=\"text-align: justify;\">Aussi loin que je me souvienne j\u2019ai toujours eu un appareil photo dans les mains\u2026 De mes d\u00e9buts en argentique, il y a bien longtemps, j\u2019ai gard\u00e9 la rigueur de celui qui prend le temps d\u2019observer et de sentir \u00ab\u00a0sa photo\u00a0\u00bb avant m\u00eame de la fixer sur son support.<\/p><p style=\"text-align: justify;\">Sentir l\u2019environnement, anticiper les mouvements, surveiller la lumi\u00e8re et entrevoir les couleurs ont toujours repr\u00e9sent\u00e9s le d\u00e9fi entre cette perception du photographe, m\u00e9moire d\u2019un instant, et la traduction de ce regard pos\u00e9 sur le monde et fig\u00e9 sur une simple feuille de papier. Savoir observer le monde, regarder autour de soi et prendre conscience de toute cette beaut\u00e9 qui nous entoure est \u00e0 mon sens le vrai travail d\u2019un photographe. En esp\u00e9rant un jour \u00eatre celui-l\u00e0 !<\/p><p style=\"text-align: justify;\">C\u2019est avec plaisir que je vous pr\u00e9sente mon travail.<\/p>\t\t\t\t\t\t\t\t<\/div>\n\t\t\t\t<\/div>\n\t\t\t\t\t<\/div>\n\t\t<\/div>\n\t\t\t\t\t<\/div>\n\t\t<\/section>\n\t\t\t\t<\/div>\n\t\t","protected":false},"excerpt":{"rendered":"<p>Denis ZIEGLER Photographe Aussi loin que je me souvienne j\u2019ai toujours eu un appareil photo dans les mains\u2026 De mes d\u00e9buts en argentique, il y a bien longtemps, j\u2019ai gard\u00e9 la rigueur de celui qui prend le temps d\u2019observer et de sentir \u00ab\u00a0sa photo\u00a0\u00bb avant m\u00eame de la fixer sur son support. Sentir l\u2019environnement, anticiper [&hellip;]<\/p>\n","protected":false},"author":1,"featured_media":0,"parent":0,"menu_order":0,"comment_status":"closed","ping_status":"closed","template":"template-landing.php","meta":{"_acf_changed":false,"footnotes":""},"class_list":["post-2341","page","type-page","status-publish","hentry"],"acf":[],"yoast_head":"<!-- This site is optimized with the Yoast SEO plugin v27.5 - https:\/\/yoast.com\/product\/yoast-seo-wordpress\/ -->\n<title>Denis PHOTOGRAPHE - Photo<\/title>\n<meta name=\"robots\" content=\"index, follow, max-snippet:-1, max-image-preview:large, max-video-preview:-1\" \/>\n<link rel=\"canonical\" href=\"https:\/\/denisziegler.com\/?page_id=2341\" \/>\n<meta property=\"og:locale\" content=\"fr_FR\" \/>\n<meta property=\"og:type\" content=\"article\" \/>\n<meta property=\"og:title\" content=\"Denis PHOTOGRAPHE - Photo\" \/>\n<meta property=\"og:description\" content=\"Denis ZIEGLER Photographe Aussi loin que je me souvienne j\u2019ai toujours eu un appareil photo dans les mains\u2026 De mes d\u00e9buts en argentique, il y a bien longtemps, j\u2019ai gard\u00e9 la rigueur de celui qui prend le temps d\u2019observer et de sentir \u00ab\u00a0sa photo\u00a0\u00bb avant m\u00eame de la fixer sur son support. Sentir l\u2019environnement, anticiper [&hellip;]\" \/>\n<meta property=\"og:url\" content=\"https:\/\/denisziegler.com\/?page_id=2341\" \/>\n<meta property=\"og:site_name\" content=\"Photo\" \/>\n<meta property=\"article:modified_time\" content=\"2024-12-15T16:43:12+00:00\" \/>\n<meta name=\"twitter:card\" content=\"summary_large_image\" \/>\n<meta name=\"twitter:label1\" content=\"Dur\u00e9e de lecture estim\u00e9e\" \/>\n\t<meta name=\"twitter:data1\" content=\"1 minute\" \/>\n<script type=\"application\/ld+json\" class=\"yoast-schema-graph\">{\"@context\":\"https:\\\/\\\/schema.org\",\"@graph\":[{\"@type\":\"WebPage\",\"@id\":\"https:\\\/\\\/denisziegler.com\\\/?page_id=2341\",\"url\":\"https:\\\/\\\/denisziegler.com\\\/?page_id=2341\",\"name\":\"Denis PHOTOGRAPHE - Photo\",\"isPartOf\":{\"@id\":\"https:\\\/\\\/denisziegler.com\\\/#website\"},\"datePublished\":\"2021-06-10T14:14:28+00:00\",\"dateModified\":\"2024-12-15T16:43:12+00:00\",\"breadcrumb\":{\"@id\":\"https:\\\/\\\/denisziegler.com\\\/?page_id=2341#breadcrumb\"},\"inLanguage\":\"fr-FR\",\"potentialAction\":[{\"@type\":\"ReadAction\",\"target\":[\"https:\\\/\\\/denisziegler.com\\\/?page_id=2341\"]}]},{\"@type\":\"BreadcrumbList\",\"@id\":\"https:\\\/\\\/denisziegler.com\\\/?page_id=2341#breadcrumb\",\"itemListElement\":[{\"@type\":\"ListItem\",\"position\":1,\"name\":\"Home\",\"item\":\"https:\\\/\\\/denisziegler.com\\\/\"},{\"@type\":\"ListItem\",\"position\":2,\"name\":\"Denis PHOTOGRAPHE\"}]},{\"@type\":\"WebSite\",\"@id\":\"https:\\\/\\\/denisziegler.com\\\/#website\",\"url\":\"https:\\\/\\\/denisziegler.com\\\/\",\"name\":\"Photo\",\"description\":\"Mon site photo\",\"potentialAction\":[{\"@type\":\"SearchAction\",\"target\":{\"@type\":\"EntryPoint\",\"urlTemplate\":\"https:\\\/\\\/denisziegler.com\\\/?s={search_term_string}\"},\"query-input\":{\"@type\":\"PropertyValueSpecification\",\"valueRequired\":true,\"valueName\":\"search_term_string\"}}],\"inLanguage\":\"fr-FR\"}]}<\/script>\n<!-- \/ Yoast SEO plugin. -->","yoast_head_json":{"title":"Denis PHOTOGRAPHE - Photo","robots":{"index":"index","follow":"follow","max-snippet":"max-snippet:-1","max-image-preview":"max-image-preview:large","max-video-preview":"max-video-preview:-1"},"canonical":"https:\/\/denisziegler.com\/?page_id=2341","og_locale":"fr_FR","og_type":"article","og_title":"Denis PHOTOGRAPHE - Photo","og_description":"Denis ZIEGLER Photographe Aussi loin que je me souvienne j\u2019ai toujours eu un appareil photo dans les mains\u2026 De mes d\u00e9buts en argentique, il y a bien longtemps, j\u2019ai gard\u00e9 la rigueur de celui qui prend le temps d\u2019observer et de sentir \u00ab\u00a0sa photo\u00a0\u00bb avant m\u00eame de la fixer sur son support. Sentir l\u2019environnement, anticiper [&hellip;]","og_url":"https:\/\/denisziegler.com\/?page_id=2341","og_site_name":"Photo","article_modified_time":"2024-12-15T16:43:12+00:00","twitter_card":"summary_large_image","twitter_misc":{"Dur\u00e9e de lecture estim\u00e9e":"1 minute"},"schema":{"@context":"https:\/\/schema.org","@graph":[{"@type":"WebPage","@id":"https:\/\/denisziegler.com\/?page_id=2341","url":"https:\/\/denisziegler.com\/?page_id=2341","name":"Denis PHOTOGRAPHE - Photo","isPartOf":{"@id":"https:\/\/denisziegler.com\/#website"},"datePublished":"2021-06-10T14:14:28+00:00","dateModified":"2024-12-15T16:43:12+00:00","breadcrumb":{"@id":"https:\/\/denisziegler.com\/?page_id=2341#breadcrumb"},"inLanguage":"fr-FR","potentialAction":[{"@type":"ReadAction","target":["https:\/\/denisziegler.com\/?page_id=2341"]}]},{"@type":"BreadcrumbList","@id":"https:\/\/denisziegler.com\/?page_id=2341#breadcrumb","itemListElement":[{"@type":"ListItem","position":1,"name":"Home","item":"https:\/\/denisziegler.com\/"},{"@type":"ListItem","position":2,"name":"Denis PHOTOGRAPHE"}]},{"@type":"WebSite","@id":"https:\/\/denisziegler.com\/#website","url":"https:\/\/denisziegler.com\/","name":"Photo","description":"Mon site photo","potentialAction":[{"@type":"SearchAction","target":{"@type":"EntryPoint","urlTemplate":"https:\/\/denisziegler.com\/?s={search_term_string}"},"query-input":{"@type":"PropertyValueSpecification","valueRequired":true,"valueName":"search_term_string"}}],"inLanguage":"fr-FR"}]}},"_links":{"self":[{"href":"https:\/\/denisziegler.com\/index.php?rest_route=\/wp\/v2\/pages\/2341","targetHints":{"allow":["GET"]}}],"collection":[{"href":"https:\/\/denisziegler.com\/index.php?rest_route=\/wp\/v2\/pages"}],"about":[{"href":"https:\/\/denisziegler.com\/index.php?rest_route=\/wp\/v2\/types\/page"}],"author":[{"embeddable":true,"href":"https:\/\/denisziegler.com\/index.php?rest_route=\/wp\/v2\/users\/1"}],"replies":[{"embeddable":true,"href":"https:\/\/denisziegler.com\/index.php?rest_route=%2Fwp%2Fv2%2Fcomments&post=2341"}],"version-history":[{"count":32,"href":"https:\/\/denisziegler.com\/index.php?rest_route=\/wp\/v2\/pages\/2341\/revisions"}],"predecessor-version":[{"id":4185,"href":"https:\/\/denisziegler.com\/index.php?rest_route=\/wp\/v2\/pages\/2341\/revisions\/4185"}],"wp:attachment":[{"href":"https:\/\/denisziegler.com\/index.php?rest_route=%2Fwp%2Fv2%2Fmedia&parent=2341"}],"curies":[{"name":"wp","href":"https:\/\/api.w.org\/{rel}","templated":true}]}}